{"id":645,"date":"2021-02-25T10:02:33","date_gmt":"2021-02-25T09:02:33","guid":{"rendered":"https:\/\/www.transport-logistics-namur.be\/comment-promouvoir-ma-participation\/"},"modified":"2022-02-14T14:46:00","modified_gmt":"2022-02-14T13:46:00","slug":"comment-promouvoir-ma-participation","status":"publish","type":"page","link":"https:\/\/www.transport-logistics-namur.be\/fr\/comment-promouvoir-ma-participation\/","title":{"rendered":"Comment promouvoir ma participation ?"},"content":{"rendered":"\t\t<div data-elementor-type=\"wp-page\" data-elementor-id=\"645\" class=\"elementor elementor-645 elementor-214\" data-elementor-post-type=\"page\">\n\t\t\t\t\t\t<section class=\"elementor-section elementor-top-section elementor-element elementor-element-8281f4d elementor-section-boxed elementor-section-height-default elementor-section-height-default\" data-id=\"8281f4d\" data-element_type=\"section\">\n\t\t\t\t\t\t<div class=\"elementor-container elementor-column-gap-default\">\n\t\t\t\t\t<div class=\"elementor-column elementor-col-100 elementor-top-column elementor-element elementor-element-e283863\" data-id=\"e283863\" data-element_type=\"column\">\n\t\t\t<div class=\"elementor-widget-wrap elementor-element-populated\">\n\t\t\t\t\t\t<div class=\"elementor-element elementor-element-ed61bba elementor-widget elementor-widget-text-editor\" data-id=\"ed61bba\" data-element_type=\"widget\" data-widget_type=\"text-editor.default\">\n\t\t\t\t<div class=\"elementor-widget-container\">\n\t\t\t\t\t\t\t\t\t<h1>Comment promouvoir ma participation ?<\/h1>\n\t\t\t\t\t\t\t\t<\/div>\n\t\t\t\t<\/div>\n\t\t\t\t\t<\/div>\n\t\t<\/div>\n\t\t\t\t\t<\/div>\n\t\t<\/section>\n\t\t\t\t<section class=\"elementor-section elementor-top-section elementor-element elementor-element-36f558d elementor-section-boxed elementor-section-height-default elementor-section-height-default\" data-id=\"36f558d\" data-element_type=\"section\">\n\t\t\t\t\t\t<div class=\"elementor-container elementor-column-gap-default\">\n\t\t\t\t\t<div class=\"elementor-column elementor-col-50 elementor-top-column elementor-element elementor-element-06d8616\" data-id=\"06d8616\" data-element_type=\"column\" data-settings=\"{&quot;background_background&quot;:&quot;classic&quot;}\">\n\t\t\t<div class=\"elementor-widget-wrap elementor-element-populated\">\n\t\t\t\t\t\t<div class=\"elementor-element elementor-element-2280ebc elementor-headline--style-highlight elementor-widget elementor-widget-animated-headline\" data-id=\"2280ebc\" data-element_type=\"widget\" data-settings=\"{&quot;highlighted_text&quot;:&quot;Avant&quot;,&quot;headline_style&quot;:&quot;highlight&quot;,&quot;marker&quot;:&quot;circle&quot;,&quot;loop&quot;:&quot;yes&quot;,&quot;highlight_animation_duration&quot;:1200,&quot;highlight_iteration_delay&quot;:8000}\" data-widget_type=\"animated-headline.default\">\n\t\t\t\t<div class=\"elementor-widget-container\">\n\t\t\t\t\t\t\t<h3 class=\"elementor-headline\">\n\t\t\t\t<span class=\"elementor-headline-dynamic-wrapper elementor-headline-text-wrapper\">\n\t\t\t\t\t<span class=\"elementor-headline-dynamic-text elementor-headline-text-active\">Avant<\/span>\n\t\t\t\t<\/span>\n\t\t\t\t\t<span class=\"elementor-headline-plain-text elementor-headline-text-wrapper\">l'\u00e9v\u00e9nement<\/span>\n\t\t\t\t\t<\/h3>\n\t\t\t\t\t\t<\/div>\n\t\t\t\t<\/div>\n\t\t\t\t<div class=\"elementor-element elementor-element-031d652 elementor-widget elementor-widget-text-editor\" data-id=\"031d652\" data-element_type=\"widget\" data-widget_type=\"text-editor.default\">\n\t\t\t\t<div class=\"elementor-widget-container\">\n\t\t\t\t\t\t\t\t\t<ul>\n<li>R\u00e9ceptionnez votre <strong>pack d\u2019exposant<\/strong> : remettez vos <strong>invitations<\/strong> et collez les <strong>autocollants<\/strong> sur vos documents.<\/li>\n<li>Activez votre compte \u00ab<strong> My Easyfairs<\/strong> \u00bb et compl\u00e9tez votre <strong>profil d\u2019exposant<\/strong>.<\/li>\n<li>Placez une <strong>banni\u00e8re<\/strong> et \/ ou un <strong>logo<\/strong> sur votre site Web et dans votre <strong>communication par courrier \u00e9lectronique<\/strong>. T\u00e9l\u00e9chargez ceci via <a href=\"https:\/\/my.easyfairs.com\/#\/login\"><strong>My Easyfairs<\/strong><\/a>.<\/li>\n<li>Envoyez une<strong> invitation par courrier \u00e9lectronique<\/strong> \u00e0 l\u2019aide de notre mod\u00e8le \u00e0 vos clients et prospects. N\u2019oubliez pas votre <strong>URL personnelle<\/strong> !<\/li>\n<li>Promouvez votre participation via les <strong>r\u00e9seaux sociaux<\/strong> et le tag Transport &amp; Logistics Namur &#8211; Best of Wallonia.<\/li>\n<li><strong>Activez<\/strong> votre \/ vos licence(s) Visit Connect (uniquement possible avec un pack GoLeads ou GoPlus).<\/li>\n<\/ul>\n\t\t\t\t\t\t\t\t<\/div>\n\t\t\t\t<\/div>\n\t\t\t\t\t<\/div>\n\t\t<\/div>\n\t\t\t\t<div class=\"elementor-column elementor-col-50 elementor-top-column elementor-element elementor-element-a2015ee\" data-id=\"a2015ee\" data-element_type=\"column\" data-settings=\"{&quot;background_background&quot;:&quot;classic&quot;}\">\n\t\t\t<div class=\"elementor-widget-wrap elementor-element-populated\">\n\t\t\t\t\t\t<div class=\"elementor-element elementor-element-28a0a93 elementor-headline--style-highlight elementor-widget elementor-widget-animated-headline\" data-id=\"28a0a93\" data-element_type=\"widget\" data-settings=\"{&quot;highlighted_text&quot;:&quot;Pendant&quot;,&quot;headline_style&quot;:&quot;highlight&quot;,&quot;marker&quot;:&quot;circle&quot;,&quot;loop&quot;:&quot;yes&quot;,&quot;highlight_animation_duration&quot;:1200,&quot;highlight_iteration_delay&quot;:8000}\" data-widget_type=\"animated-headline.default\">\n\t\t\t\t<div class=\"elementor-widget-container\">\n\t\t\t\t\t\t\t<h3 class=\"elementor-headline\">\n\t\t\t\t<span class=\"elementor-headline-dynamic-wrapper elementor-headline-text-wrapper\">\n\t\t\t\t\t<span class=\"elementor-headline-dynamic-text elementor-headline-text-active\">Pendant<\/span>\n\t\t\t\t<\/span>\n\t\t\t\t\t<span class=\"elementor-headline-plain-text elementor-headline-text-wrapper\">l'\u00e9v\u00e9nement<\/span>\n\t\t\t\t\t<\/h3>\n\t\t\t\t\t\t<\/div>\n\t\t\t\t<\/div>\n\t\t\t\t<div class=\"elementor-element elementor-element-ff1a22e elementor-widget elementor-widget-text-editor\" data-id=\"ff1a22e\" data-element_type=\"widget\" data-widget_type=\"text-editor.default\">\n\t\t\t\t<div class=\"elementor-widget-container\">\n\t\t\t\t\t\t\t\t\t<ul>\n<li>Placez votre lecteur \u2018<a href=\"https:\/\/www.transport-logistics-namur.be\/fr\/smart-badge-vs-visit-connect\/\"><strong>Touch &amp; Collect<\/strong><\/a>\u2019 \u00e0 un endroit visible pour <strong>collecter<\/strong> autant de <strong>prospects<\/strong> que possible.<\/li>\n<li>Organisez des <strong>activit\u00e9s<\/strong> sur votre <strong>stand<\/strong> car l\u2019enthousiasme est contagieux : un concours, un cocktail, la distribution de sacs cadeaux, etc.<\/li>\n<li>Avez-vous eu <strong>une conversation int\u00e9ressante<\/strong> avec un prospect ? <strong>Scannez le badge<\/strong> avec l\u2019application <strong>Visit Connect<\/strong> et vous aurez un acc\u00e8s imm\u00e9diat \u00e0 ses donn\u00e9es (uniquement possible avec un pack GoLeads ou GoPlus).<\/li>\n<\/ul>\n\t\t\t\t\t\t\t\t<\/div>\n\t\t\t\t<\/div>\n\t\t\t\t<div class=\"elementor-element elementor-element-d75d61d elementor-widget elementor-widget-image\" data-id=\"d75d61d\" data-element_type=\"widget\" data-widget_type=\"image.default\">\n\t\t\t\t<div class=\"elementor-widget-container\">\n\t\t\t\t\t\t\t\t\t\t\t\t\t\t\t<img fetchpriority=\"high\" decoding=\"async\" width=\"300\" height=\"200\" src=\"https:\/\/easyfairsassets.com\/sites\/19\/2021\/02\/Touch-Collect-300x200.jpg\" class=\"attachment-medium size-medium wp-image-221\" alt=\"Touch &amp; Collect\" srcset=\"https:\/\/easyfairsassets.com\/sites\/19\/2021\/02\/Touch-Collect-300x200.jpg 300w, https:\/\/easyfairsassets.com\/sites\/19\/2021\/02\/Touch-Collect-1024x683.jpg 1024w, https:\/\/easyfairsassets.com\/sites\/19\/2021\/02\/Touch-Collect-768x512.jpg 768w, https:\/\/easyfairsassets.com\/sites\/19\/2021\/02\/Touch-Collect.jpg 1200w\" sizes=\"(max-width: 300px) 100vw, 300px\" \/>\t\t\t\t\t\t\t\t\t\t\t\t\t\t\t<\/div>\n\t\t\t\t<\/div>\n\t\t\t\t\t<\/div>\n\t\t<\/div>\n\t\t\t\t\t<\/div>\n\t\t<\/section>\n\t\t\t\t<section class=\"elementor-section elementor-top-section elementor-element elementor-element-b7c8c95 elementor-section-boxed elementor-section-height-default elementor-section-height-default\" data-id=\"b7c8c95\" data-element_type=\"section\">\n\t\t\t\t\t\t<div class=\"elementor-container elementor-column-gap-default\">\n\t\t\t\t\t<div class=\"elementor-column elementor-col-100 elementor-top-column elementor-element elementor-element-ebabaa1\" data-id=\"ebabaa1\" data-element_type=\"column\">\n\t\t\t<div class=\"elementor-widget-wrap elementor-element-populated\">\n\t\t\t\t\t\t<div class=\"elementor-element elementor-element-b68c71e elementor-align-center elementor-widget elementor-widget-button\" data-id=\"b68c71e\" data-element_type=\"widget\" data-widget_type=\"button.default\">\n\t\t\t\t<div class=\"elementor-widget-container\">\n\t\t\t\t\t\t\t\t\t<div class=\"elementor-button-wrapper\">\n\t\t\t\t\t<a class=\"elementor-button elementor-button-link elementor-size-md\" href=\"https:\/\/www.transport-logistics-namur.be\/fr\/smart-badge-vs-visit-connect\/\">\n\t\t\t\t\t\t<span class=\"elementor-button-content-wrapper\">\n\t\t\t\t\t\t<span class=\"elementor-button-icon\">\n\t\t\t\t<i aria-hidden=\"true\" class=\"fas fa-long-arrow-alt-right\"><\/i>\t\t\t<\/span>\n\t\t\t\t\t\t\t\t\t<span class=\"elementor-button-text\">D\u00e9couvrez les diff\u00e9rences entre Smart Badge &amp; Visit Connect<\/span>\n\t\t\t\t\t<\/span>\n\t\t\t\t\t<\/a>\n\t\t\t\t<\/div>\n\t\t\t\t\t\t\t\t<\/div>\n\t\t\t\t<\/div>\n\t\t\t\t\t<\/div>\n\t\t<\/div>\n\t\t\t\t\t<\/div>\n\t\t<\/section>\n\t\t\t\t<\/div>\n\t\t","protected":false},"excerpt":{"rendered":"<p>Comment promouvoir ma participation ? Avant l&#039;\u00e9v\u00e9nement R\u00e9ceptionnez votre pack d\u2019exposant : remettez vos invitations et collez les autocollants sur vos documents. Activez votre compte \u00ab My Easyfairs \u00bb et compl\u00e9tez votre profil d\u2019exposant. Placez une banni\u00e8re et \/ ou un logo sur votre site Web et dans votre communication par courrier \u00e9lectronique. T\u00e9l\u00e9chargez ceci [&hellip;]<\/p>\n","protected":false},"author":1,"featured_media":0,"parent":0,"menu_order":0,"comment_status":"closed","ping_status":"closed","template":"","meta":{"_seopress_robots_primary_cat":"","_seopress_titles_title":"Comment promouvoir ma participation ? - Transport & Logistics Namur ","_seopress_titles_desc":"D\u00e9couvrez ici comment vous pouvez tirer le meilleur parti du salon en promouvant votre participation.","_seopress_robots_index":"","footnotes":""},"class_list":["post-645","page","type-page","status-publish","hentry"],"_links":{"self":[{"href":"https:\/\/www.transport-logistics-namur.be\/fr\/wp-json\/wp\/v2\/pages\/645","targetHints":{"allow":["GET"]}}],"collection":[{"href":"https:\/\/www.transport-logistics-namur.be\/fr\/wp-json\/wp\/v2\/pages"}],"about":[{"href":"https:\/\/www.transport-logistics-namur.be\/fr\/wp-json\/wp\/v2\/types\/page"}],"author":[{"embeddable":true,"href":"https:\/\/www.transport-logistics-namur.be\/fr\/wp-json\/wp\/v2\/users\/1"}],"replies":[{"embeddable":true,"href":"https:\/\/www.transport-logistics-namur.be\/fr\/wp-json\/wp\/v2\/comments?post=645"}],"version-history":[{"count":2,"href":"https:\/\/www.transport-logistics-namur.be\/fr\/wp-json\/wp\/v2\/pages\/645\/revisions"}],"predecessor-version":[{"id":1088,"href":"https:\/\/www.transport-logistics-namur.be\/fr\/wp-json\/wp\/v2\/pages\/645\/revisions\/1088"}],"wp:attachment":[{"href":"https:\/\/www.transport-logistics-namur.be\/fr\/wp-json\/wp\/v2\/media?parent=645"}],"curies":[{"name":"wp","href":"https:\/\/api.w.org\/{rel}","templated":true}]}}