{"id":651,"date":"2021-02-25T10:15:52","date_gmt":"2021-02-25T09:15:52","guid":{"rendered":"https:\/\/www.transport-logistics-namur.be\/profil-des-exposants\/"},"modified":"2022-02-14T14:43:34","modified_gmt":"2022-02-14T13:43:34","slug":"profil-des-exposants","status":"publish","type":"page","link":"https:\/\/www.transport-logistics-namur.be\/fr\/profil-des-exposants\/","title":{"rendered":"Profil des exposants"},"content":{"rendered":"\t\t<div data-elementor-type=\"wp-page\" data-elementor-id=\"651\" class=\"elementor elementor-651 elementor-271\" data-elementor-post-type=\"page\">\n\t\t\t\t\t\t<section class=\"elementor-section elementor-top-section elementor-element elementor-element-8281f4d elementor-section-boxed elementor-section-height-default elementor-section-height-default\" data-id=\"8281f4d\" data-element_type=\"section\">\n\t\t\t\t\t\t<div class=\"elementor-container elementor-column-gap-default\">\n\t\t\t\t\t<div class=\"elementor-column elementor-col-100 elementor-top-column elementor-element elementor-element-e283863\" data-id=\"e283863\" data-element_type=\"column\">\n\t\t\t<div class=\"elementor-widget-wrap elementor-element-populated\">\n\t\t\t\t\t\t<div class=\"elementor-element elementor-element-ed61bba elementor-widget elementor-widget-text-editor\" data-id=\"ed61bba\" data-element_type=\"widget\" data-widget_type=\"text-editor.default\">\n\t\t\t\t<div class=\"elementor-widget-container\">\n\t\t\t\t\t\t\t\t\t<h1>Profil des exposants<\/h1>\n<h2>Rencontrez le secteur du transport et de la logistique ainsi que l&#8217;industrie du transport maritime !<\/h2>\n\t\t\t\t\t\t\t\t<\/div>\n\t\t\t\t<\/div>\n\t\t\t\t\t<\/div>\n\t\t<\/div>\n\t\t\t\t\t<\/div>\n\t\t<\/section>\n\t\t\t\t<section class=\"elementor-section elementor-top-section elementor-element elementor-element-36f558d elementor-section-boxed elementor-section-height-default elementor-section-height-default elementor-invisible\" data-id=\"36f558d\" data-element_type=\"section\" data-settings=\"{&quot;animation&quot;:&quot;slideInLeft&quot;,&quot;background_background&quot;:&quot;classic&quot;,&quot;shape_divider_top&quot;:&quot;waves&quot;}\">\n\t\t\t\t\t<div class=\"elementor-shape elementor-shape-top\" aria-hidden=\"true\" data-negative=\"false\">\n\t\t\t<svg xmlns=\"http:\/\/www.w3.org\/2000\/svg\" viewBox=\"0 0 1000 100\" preserveAspectRatio=\"none\">\n\t<path class=\"elementor-shape-fill\" d=\"M421.9,6.5c22.6-2.5,51.5,0.4,75.5,5.3c23.6,4.9,70.9,23.5,100.5,35.7c75.8,32.2,133.7,44.5,192.6,49.7\n\tc23.6,2.1,48.7,3.5,103.4-2.5c54.7-6,106.2-25.6,106.2-25.6V0H0v30.3c0,0,72,32.6,158.4,30.5c39.2-0.7,92.8-6.7,134-22.4\n\tc21.2-8.1,52.2-18.2,79.7-24.2C399.3,7.9,411.6,7.5,421.9,6.5z\"\/>\n<\/svg>\t\t<\/div>\n\t\t\t\t\t<div class=\"elementor-container elementor-column-gap-default\">\n\t\t\t\t\t<div class=\"elementor-column elementor-col-33 elementor-top-column elementor-element elementor-element-06d8616\" data-id=\"06d8616\" data-element_type=\"column\" data-settings=\"{&quot;background_background&quot;:&quot;classic&quot;}\">\n\t\t\t<div class=\"elementor-widget-wrap elementor-element-populated\">\n\t\t\t\t\t\t<div class=\"elementor-element elementor-element-4b568bc elementor-widget elementor-widget-heading\" data-id=\"4b568bc\" data-element_type=\"widget\" data-widget_type=\"heading.default\">\n\t\t\t\t<div class=\"elementor-widget-container\">\n\t\t\t\t\t<h3 class=\"elementor-heading-title elementor-size-medium\">Transport &amp; Distribution:<\/h3>\t\t\t\t<\/div>\n\t\t\t\t<\/div>\n\t\t\t\t<div class=\"elementor-element elementor-element-873764c elementor-widget elementor-widget-text-editor\" data-id=\"873764c\" data-element_type=\"widget\" data-widget_type=\"text-editor.default\">\n\t\t\t\t<div class=\"elementor-widget-container\">\n\t\t\t\t\t\t\t\t\t<ul>\n<li>Transport routier<\/li>\n<li>Transport fluvial<\/li>\n<li>Fret a\u00e9rien<\/li>\n<li>Transport ferroviaire<\/li>\n<li>Transport maritime<\/li>\n<li>Transport intermodal<\/li>\n<li>Navigation int\u00e9rieure<\/li>\n<li>Transport express<\/li>\n<li>Transport \u00e9cologique<\/li>\n<li>Manutention des marchandises<\/li>\n<li>Prestataires de services logistiques<\/li>\n<li>Ports et centres de manutention de fret<\/li>\n<li>A\u00e9roports et transitaires<\/li>\n<li>Gestion douani\u00e8re<\/li>\n<li>Consultancy<\/li>\n<\/ul>\n\t\t\t\t\t\t\t\t<\/div>\n\t\t\t\t<\/div>\n\t\t\t\t\t<\/div>\n\t\t<\/div>\n\t\t\t\t<div class=\"elementor-column elementor-col-33 elementor-top-column elementor-element elementor-element-a2015ee\" data-id=\"a2015ee\" data-element_type=\"column\" data-settings=\"{&quot;background_background&quot;:&quot;classic&quot;}\">\n\t\t\t<div class=\"elementor-widget-wrap elementor-element-populated\">\n\t\t\t\t\t\t<div class=\"elementor-element elementor-element-550de7f elementor-widget elementor-widget-heading\" data-id=\"550de7f\" data-element_type=\"widget\" data-widget_type=\"heading.default\">\n\t\t\t\t<div class=\"elementor-widget-container\">\n\t\t\t\t\t<h3 class=\"elementor-heading-title elementor-size-medium\">Stockage et manutention<\/h3>\t\t\t\t<\/div>\n\t\t\t\t<\/div>\n\t\t\t\t<div class=\"elementor-element elementor-element-955c68e elementor-widget elementor-widget-text-editor\" data-id=\"955c68e\" data-element_type=\"widget\" data-widget_type=\"text-editor.default\">\n\t\t\t\t<div class=\"elementor-widget-container\">\n\t\t\t\t\t\t\t\t\t<ul>\n<li>La logistique dans l&#8217;immobilier<\/li>\n<li>Mat\u00e9riel de stockage et d&#8217;entreposage pour les entreprises<\/li>\n<li>Syst\u00e8mes de transport interne<\/li>\n<li>Emballage et scellement<\/li>\n<li>Chariots \u00e9l\u00e9vateurs \u00e0 fourche<\/li>\n<li>Commande et pr\u00e9paration des commandes<\/li>\n<li>M\u00e9thodes de manipulation<\/li>\n<li>S\u00e9curit\u00e9 et maintenance<\/li>\n<\/ul>\n\t\t\t\t\t\t\t\t<\/div>\n\t\t\t\t<\/div>\n\t\t\t\t\t<\/div>\n\t\t<\/div>\n\t\t\t\t<div class=\"elementor-column elementor-col-33 elementor-top-column elementor-element elementor-element-8dd205b\" data-id=\"8dd205b\" data-element_type=\"column\" data-settings=\"{&quot;background_background&quot;:&quot;classic&quot;}\">\n\t\t\t<div class=\"elementor-widget-wrap elementor-element-populated\">\n\t\t\t\t\t\t<div class=\"elementor-element elementor-element-f0ee1d6 elementor-widget elementor-widget-heading\" data-id=\"f0ee1d6\" data-element_type=\"widget\" data-widget_type=\"heading.default\">\n\t\t\t\t<div class=\"elementor-widget-container\">\n\t\t\t\t\t<h3 class=\"elementor-heading-title elementor-size-medium\">Communication de donn\u00e9es et logiciels :<\/h3>\t\t\t\t<\/div>\n\t\t\t\t<\/div>\n\t\t\t\t<div class=\"elementor-element elementor-element-768f31b elementor-widget elementor-widget-text-editor\" data-id=\"768f31b\" data-element_type=\"widget\" data-widget_type=\"text-editor.default\">\n\t\t\t\t<div class=\"elementor-widget-container\">\n\t\t\t\t\t\t\t\t\t<ul>\n<li>Syst\u00e8mes de gestion des stocks (WMS) et de transport<\/li>\n<li>Syst\u00e8mes de gestion de l&#8217;information<\/li>\n<li>Tra\u00e7abilit\u00e9<\/li>\n<li>Identification automatique, codes \u00e0 barres, RFDI et technologie vocale<\/li>\n<li>Solutions informatiques int\u00e9gr\u00e9es<\/li>\n<li>Logistique \u00e9lectronique<\/li>\n<li>Solutions pour t\u00e9l\u00e9phones portables et mobiles<\/li>\n<\/ul>\n\t\t\t\t\t\t\t\t<\/div>\n\t\t\t\t<\/div>\n\t\t\t\t\t<\/div>\n\t\t<\/div>\n\t\t\t\t\t<\/div>\n\t\t<\/section>\n\t\t\t\t<section class=\"elementor-section elementor-top-section elementor-element elementor-element-98ebee8 elementor-section-boxed elementor-section-height-default elementor-section-height-default\" data-id=\"98ebee8\" data-element_type=\"section\">\n\t\t\t\t\t\t<div class=\"elementor-container elementor-column-gap-default\">\n\t\t\t\t\t<div class=\"elementor-column elementor-col-100 elementor-top-column elementor-element elementor-element-294bddf\" data-id=\"294bddf\" data-element_type=\"column\">\n\t\t\t<div class=\"elementor-widget-wrap elementor-element-populated\">\n\t\t\t\t\t\t<div class=\"elementor-element elementor-element-581c69d elementor-widget elementor-widget-text-editor\" data-id=\"581c69d\" data-element_type=\"widget\" data-widget_type=\"text-editor.default\">\n\t\t\t\t<div class=\"elementor-widget-container\">\n\t\t\t\t\t\t\t\t\t<h2>D\u00e9couvrez tous les exposants participants<\/h2>\n\t\t\t\t\t\t\t\t<\/div>\n\t\t\t\t<\/div>\n\t\t\t\t<div class=\"elementor-element elementor-element-e433a52 elementor-align-center elementor-widget elementor-widget-button\" data-id=\"e433a52\" data-element_type=\"widget\" data-widget_type=\"button.default\">\n\t\t\t\t<div class=\"elementor-widget-container\">\n\t\t\t\t\t\t\t\t\t<div class=\"elementor-button-wrapper\">\n\t\t\t\t\t<a class=\"elementor-button elementor-size-md\" role=\"button\">\n\t\t\t\t\t\t<span class=\"elementor-button-content-wrapper\">\n\t\t\t\t\t\t<span class=\"elementor-button-icon\">\n\t\t\t\t<i aria-hidden=\"true\" class=\"fas fa-long-arrow-alt-right\"><\/i>\t\t\t<\/span>\n\t\t\t\t\t\t\t\t\t<span class=\"elementor-button-text\">Liste des exposants<\/span>\n\t\t\t\t\t<\/span>\n\t\t\t\t\t<\/a>\n\t\t\t\t<\/div>\n\t\t\t\t\t\t\t\t<\/div>\n\t\t\t\t<\/div>\n\t\t\t\t\t<\/div>\n\t\t<\/div>\n\t\t\t\t\t<\/div>\n\t\t<\/section>\n\t\t\t\t<section class=\"elementor-section elementor-top-section elementor-element elementor-element-ceac3f1 elementor-hidden-desktop elementor-hidden-tablet elementor-hidden-phone elementor-section-boxed elementor-section-height-default elementor-section-height-default\" data-id=\"ceac3f1\" data-element_type=\"section\">\n\t\t\t\t\t\t<div class=\"elementor-container elementor-column-gap-default\">\n\t\t\t\t\t<div class=\"elementor-column elementor-col-50 elementor-top-column elementor-element elementor-element-d02c3dd elementor-hidden-desktop elementor-hidden-tablet elementor-hidden-phone elementor-invisible\" data-id=\"d02c3dd\" data-element_type=\"column\" data-settings=\"{&quot;background_background&quot;:&quot;classic&quot;,&quot;animation&quot;:&quot;fadeInLeft&quot;}\">\n\t\t\t<div class=\"elementor-widget-wrap elementor-element-populated\">\n\t\t\t\t\t\t<div class=\"elementor-element elementor-element-e9529cb elementor-widget elementor-widget-image\" data-id=\"e9529cb\" data-element_type=\"widget\" data-widget_type=\"image.default\">\n\t\t\t\t<div class=\"elementor-widget-container\">\n\t\t\t\t\t\t\t\t\t\t\t\t\t\t\t<img fetchpriority=\"high\" decoding=\"async\" width=\"300\" height=\"286\" src=\"https:\/\/easyfairsassets.com\/sites\/19\/2021\/02\/Veronique-Lietaer-LR-1278x1920-Copy-300x286.jpg\" class=\"attachment-medium size-medium wp-image-250\" alt=\"Veronique Lietaer\" srcset=\"https:\/\/easyfairsassets.com\/sites\/19\/2021\/02\/Veronique-Lietaer-LR-1278x1920-Copy-300x286.jpg 300w, https:\/\/easyfairsassets.com\/sites\/19\/2021\/02\/Veronique-Lietaer-LR-1278x1920-Copy.jpg 623w\" sizes=\"(max-width: 300px) 100vw, 300px\" \/>\t\t\t\t\t\t\t\t\t\t\t\t\t\t\t<\/div>\n\t\t\t\t<\/div>\n\t\t\t\t<div class=\"elementor-element elementor-element-cb42efa elementor-widget elementor-widget-text-editor\" data-id=\"cb42efa\" data-element_type=\"widget\" data-widget_type=\"text-editor.default\">\n\t\t\t\t<div class=\"elementor-widget-container\">\n\t\t\t\t\t\t\t\t\t<h3>V\u00e9ronique Lietaer<\/h3>\n\t\t\t\t\t\t\t\t<\/div>\n\t\t\t\t<\/div>\n\t\t\t\t<div class=\"elementor-element elementor-element-c6aa59b elementor-widget elementor-widget-text-editor\" data-id=\"c6aa59b\" data-element_type=\"widget\" data-widget_type=\"text-editor.default\">\n\t\t\t\t<div class=\"elementor-widget-container\">\n\t\t\t\t\t\t\t\t\t<h4>Sales Event Manager<br \/>\n+32 3 280 53 61<br \/>\n<a href=\"mailto:veronique.lietaer@easyfairs.com\">veronique.lietaer@easyfairs.com<\/a><\/h4>\n\t\t\t\t\t\t\t\t<\/div>\n\t\t\t\t<\/div>\n\t\t\t\t<div class=\"elementor-element elementor-element-6b576ac elementor-align-center elementor-widget elementor-widget-button\" data-id=\"6b576ac\" data-element_type=\"widget\" data-widget_type=\"button.default\">\n\t\t\t\t<div class=\"elementor-widget-container\">\n\t\t\t\t\t\t\t\t\t<div class=\"elementor-button-wrapper\">\n\t\t\t\t\t<a class=\"elementor-button elementor-button-link elementor-size-sm\" href=\"mailto:veronique.lietaer@easyfairs.com\">\n\t\t\t\t\t\t<span class=\"elementor-button-content-wrapper\">\n\t\t\t\t\t\t<span class=\"elementor-button-icon\">\n\t\t\t\t<i aria-hidden=\"true\" class=\"fas fa-long-arrow-alt-right\"><\/i>\t\t\t<\/span>\n\t\t\t\t\t\t\t\t\t<span class=\"elementor-button-text\">mail V\u00e9ronique <\/span>\n\t\t\t\t\t<\/span>\n\t\t\t\t\t<\/a>\n\t\t\t\t<\/div>\n\t\t\t\t\t\t\t\t<\/div>\n\t\t\t\t<\/div>\n\t\t\t\t\t<\/div>\n\t\t<\/div>\n\t\t\t\t<div class=\"elementor-column elementor-col-50 elementor-top-column elementor-element elementor-element-b1d2b03 elementor-hidden-desktop elementor-hidden-tablet elementor-hidden-phone elementor-invisible\" data-id=\"b1d2b03\" data-element_type=\"column\" data-settings=\"{&quot;background_background&quot;:&quot;classic&quot;,&quot;animation&quot;:&quot;fadeInLeft&quot;}\">\n\t\t\t<div class=\"elementor-widget-wrap elementor-element-populated\">\n\t\t\t\t\t\t<div class=\"elementor-element elementor-element-3d82a48 elementor-widget elementor-widget-image\" data-id=\"3d82a48\" data-element_type=\"widget\" data-widget_type=\"image.default\">\n\t\t\t\t<div class=\"elementor-widget-container\">\n\t\t\t\t\t\t\t\t\t\t\t\t\t\t\t<img decoding=\"async\" width=\"217\" height=\"300\" src=\"https:\/\/easyfairsassets.com\/sites\/19\/2021\/02\/Profielfoto-AE2019-217x300.jpg\" class=\"attachment-medium size-medium wp-image-252\" alt=\"Neil Lommers\" srcset=\"https:\/\/easyfairsassets.com\/sites\/19\/2021\/02\/Profielfoto-AE2019-217x300.jpg 217w, https:\/\/easyfairsassets.com\/sites\/19\/2021\/02\/Profielfoto-AE2019-740x1024.jpg 740w, https:\/\/easyfairsassets.com\/sites\/19\/2021\/02\/Profielfoto-AE2019-768x1063.jpg 768w, https:\/\/easyfairsassets.com\/sites\/19\/2021\/02\/Profielfoto-AE2019.jpg 867w\" sizes=\"(max-width: 217px) 100vw, 217px\" \/>\t\t\t\t\t\t\t\t\t\t\t\t\t\t\t<\/div>\n\t\t\t\t<\/div>\n\t\t\t\t<div class=\"elementor-element elementor-element-b71fdc9 elementor-widget elementor-widget-text-editor\" data-id=\"b71fdc9\" data-element_type=\"widget\" data-widget_type=\"text-editor.default\">\n\t\t\t\t<div class=\"elementor-widget-container\">\n\t\t\t\t\t\t\t\t\t<h3>Neil Lommers<\/h3>\n\t\t\t\t\t\t\t\t<\/div>\n\t\t\t\t<\/div>\n\t\t\t\t<div class=\"elementor-element elementor-element-5cee754 elementor-widget elementor-widget-text-editor\" data-id=\"5cee754\" data-element_type=\"widget\" data-widget_type=\"text-editor.default\">\n\t\t\t\t<div class=\"elementor-widget-container\">\n\t\t\t\t\t\t\t\t\t<h4>Sales Account Manager<br \/>\n+32 3 280 53 48<br \/>\n<a href=\"mailto:neil.lommers@easyfairs.com\">neil.lommers@easyfairs.com<\/a><\/h4>\n\t\t\t\t\t\t\t\t<\/div>\n\t\t\t\t<\/div>\n\t\t\t\t<div class=\"elementor-element elementor-element-0394d9d elementor-align-center elementor-widget elementor-widget-button\" data-id=\"0394d9d\" data-element_type=\"widget\" data-widget_type=\"button.default\">\n\t\t\t\t<div class=\"elementor-widget-container\">\n\t\t\t\t\t\t\t\t\t<div class=\"elementor-button-wrapper\">\n\t\t\t\t\t<a class=\"elementor-button elementor-button-link elementor-size-sm\" href=\"mailto:neil.lommers@easyfairs.com\">\n\t\t\t\t\t\t<span class=\"elementor-button-content-wrapper\">\n\t\t\t\t\t\t<span class=\"elementor-button-icon\">\n\t\t\t\t<i aria-hidden=\"true\" class=\"fas fa-long-arrow-alt-right\"><\/i>\t\t\t<\/span>\n\t\t\t\t\t\t\t\t\t<span class=\"elementor-button-text\">mail Neil<\/span>\n\t\t\t\t\t<\/span>\n\t\t\t\t\t<\/a>\n\t\t\t\t<\/div>\n\t\t\t\t\t\t\t\t<\/div>\n\t\t\t\t<\/div>\n\t\t\t\t\t<\/div>\n\t\t<\/div>\n\t\t\t\t\t<\/div>\n\t\t<\/section>\n\t\t\t\t<\/div>\n\t\t","protected":false},"excerpt":{"rendered":"<p>Profil des exposants Rencontrez le secteur du transport et de la logistique ainsi que l&#8217;industrie du transport maritime ! Transport &amp; Distribution: Transport routier Transport fluvial Fret a\u00e9rien Transport ferroviaire Transport maritime Transport intermodal Navigation int\u00e9rieure Transport express Transport \u00e9cologique Manutention des marchandises Prestataires de services logistiques Ports et centres de manutention de fret A\u00e9roports [&hellip;]<\/p>\n","protected":false},"author":1,"featured_media":0,"parent":0,"menu_order":0,"comment_status":"closed","ping_status":"closed","template":"","meta":{"_seopress_robots_primary_cat":"","_seopress_titles_title":"Profil des exposants | Transport & Logistics Namur - Best of Wallonia","_seopress_titles_desc":"D\u00e9couvrez plus de 70 exposants du secteur.","_seopress_robots_index":"","footnotes":""},"class_list":["post-651","page","type-page","status-publish","hentry"],"_links":{"self":[{"href":"https:\/\/www.transport-logistics-namur.be\/fr\/wp-json\/wp\/v2\/pages\/651","targetHints":{"allow":["GET"]}}],"collection":[{"href":"https:\/\/www.transport-logistics-namur.be\/fr\/wp-json\/wp\/v2\/pages"}],"about":[{"href":"https:\/\/www.transport-logistics-namur.be\/fr\/wp-json\/wp\/v2\/types\/page"}],"author":[{"embeddable":true,"href":"https:\/\/www.transport-logistics-namur.be\/fr\/wp-json\/wp\/v2\/users\/1"}],"replies":[{"embeddable":true,"href":"https:\/\/www.transport-logistics-namur.be\/fr\/wp-json\/wp\/v2\/comments?post=651"}],"version-history":[{"count":2,"href":"https:\/\/www.transport-logistics-namur.be\/fr\/wp-json\/wp\/v2\/pages\/651\/revisions"}],"predecessor-version":[{"id":1086,"href":"https:\/\/www.transport-logistics-namur.be\/fr\/wp-json\/wp\/v2\/pages\/651\/revisions\/1086"}],"wp:attachment":[{"href":"https:\/\/www.transport-logistics-namur.be\/fr\/wp-json\/wp\/v2\/media?parent=651"}],"curies":[{"name":"wp","href":"https:\/\/api.w.org\/{rel}","templated":true}]}}