{"id":662,"date":"2021-02-25T11:30:29","date_gmt":"2021-02-25T10:30:29","guid":{"rendered":"https:\/\/www.transport-logistics-namur.be\/pourquoi-participer\/"},"modified":"2022-02-14T14:46:52","modified_gmt":"2022-02-14T13:46:52","slug":"pourquoi-participer","status":"publish","type":"page","link":"https:\/\/www.transport-logistics-namur.be\/fr\/pourquoi-participer\/","title":{"rendered":"Pourquoi participer"},"content":{"rendered":"\t\t<div data-elementor-type=\"wp-page\" data-elementor-id=\"662\" class=\"elementor elementor-662 elementor-237\" data-elementor-post-type=\"page\">\n\t\t\t\t\t\t<section class=\"elementor-section elementor-top-section elementor-element elementor-element-8281f4d elementor-section-boxed elementor-section-height-default elementor-section-height-default\" data-id=\"8281f4d\" data-element_type=\"section\">\n\t\t\t\t\t\t<div class=\"elementor-container elementor-column-gap-default\">\n\t\t\t\t\t<div class=\"elementor-column elementor-col-100 elementor-top-column elementor-element elementor-element-e283863\" data-id=\"e283863\" data-element_type=\"column\">\n\t\t\t<div class=\"elementor-widget-wrap elementor-element-populated\">\n\t\t\t\t\t\t<div class=\"elementor-element elementor-element-ed61bba elementor-widget elementor-widget-text-editor\" data-id=\"ed61bba\" data-element_type=\"widget\" data-widget_type=\"text-editor.default\">\n\t\t\t\t<div class=\"elementor-widget-container\">\n\t\t\t\t\t\t\t\t\t<h1>Pourquoi participer<\/h1>\n<h2>Rencontrez la communaut\u00e9 logistique en Wallonie<\/h2>\n\t\t\t\t\t\t\t\t<\/div>\n\t\t\t\t<\/div>\n\t\t\t\t\t<\/div>\n\t\t<\/div>\n\t\t\t\t\t<\/div>\n\t\t<\/section>\n\t\t\t\t<section class=\"elementor-section elementor-top-section elementor-element elementor-element-7ff5cdd elementor-section-height-min-height elementor-section-boxed elementor-section-height-default elementor-section-items-middle\" data-id=\"7ff5cdd\" data-element_type=\"section\" data-settings=\"{&quot;background_background&quot;:&quot;slideshow&quot;,&quot;background_slideshow_gallery&quot;:[{&quot;id&quot;:&quot;55&quot;,&quot;url&quot;:&quot;https:\\\/\\\/www.transport-logistics-namur.be\\\/wp-content\\\/uploads\\\/sites\\\/19\\\/2020\\\/11\\\/BestOfWallonia-Namur-container.jpg&quot;},{&quot;id&quot;:&quot;23&quot;,&quot;url&quot;:&quot;https:\\\/\\\/www.transport-logistics-namur.be\\\/wp-content\\\/uploads\\\/sites\\\/19\\\/2020\\\/11\\\/BestOfWallonia-Namur-boot.jpg&quot;},{&quot;id&quot;:&quot;56&quot;,&quot;url&quot;:&quot;https:\\\/\\\/www.transport-logistics-namur.be\\\/wp-content\\\/uploads\\\/sites\\\/19\\\/2020\\\/11\\\/BestOfWallonia-Namur-vliegtuig.jpg&quot;}],&quot;background_slideshow_slide_duration&quot;:&quot;1000&quot;,&quot;background_slideshow_transition_duration&quot;:&quot;600&quot;,&quot;background_slideshow_ken_burns&quot;:&quot;yes&quot;,&quot;background_slideshow_loop&quot;:&quot;yes&quot;,&quot;background_slideshow_slide_transition&quot;:&quot;fade&quot;,&quot;background_slideshow_ken_burns_zoom_direction&quot;:&quot;in&quot;}\">\n\t\t\t\t\t\t\t<div class=\"elementor-background-overlay\"><\/div>\n\t\t\t\t\t\t\t<div class=\"elementor-container elementor-column-gap-default\">\n\t\t\t\t\t<div class=\"elementor-column elementor-col-100 elementor-top-column elementor-element elementor-element-049a015\" data-id=\"049a015\" data-element_type=\"column\">\n\t\t\t<div class=\"elementor-widget-wrap elementor-element-populated\">\n\t\t\t\t\t\t<div class=\"elementor-element elementor-element-180a1f9 elementor-widget elementor-widget-text-editor\" data-id=\"180a1f9\" data-element_type=\"widget\" data-widget_type=\"text-editor.default\">\n\t\t\t\t<div class=\"elementor-widget-container\">\n\t\t\t\t\t\t\t\t\t<p>Transport &amp; Logistics, Best of Wallonia vous donne la possibilit\u00e9 de d\u00e9couvrir vos relations existantes et de promouvoir votre entreprise aupr\u00e8s des clients potentiels. Le salon sera pr\u00e9c\u00e9d\u00e9e par une campagne de marketing dans un certain nombre de grandes revues et publications (inter)nationales des associations et des f\u00e9d\u00e9rations de l&#8217;industrie.<\/p>\n\t\t\t\t\t\t\t\t<\/div>\n\t\t\t\t<\/div>\n\t\t\t\t\t<\/div>\n\t\t<\/div>\n\t\t\t\t\t<\/div>\n\t\t<\/section>\n\t\t\t\t<section class=\"elementor-section elementor-top-section elementor-element elementor-element-36f558d elementor-hidden-desktop elementor-hidden-tablet elementor-hidden-phone elementor-section-boxed elementor-section-height-default elementor-section-height-default\" data-id=\"36f558d\" data-element_type=\"section\">\n\t\t\t\t\t\t<div class=\"elementor-container elementor-column-gap-default\">\n\t\t\t\t\t<div class=\"elementor-column elementor-col-50 elementor-top-column elementor-element elementor-element-06d8616\" data-id=\"06d8616\" data-element_type=\"column\" data-settings=\"{&quot;background_background&quot;:&quot;classic&quot;}\">\n\t\t\t<div class=\"elementor-widget-wrap elementor-element-populated\">\n\t\t\t\t\t\t<div class=\"elementor-element elementor-element-2280ebc elementor-headline--style-highlight elementor-widget elementor-widget-animated-headline\" data-id=\"2280ebc\" data-element_type=\"widget\" data-settings=\"{&quot;highlighted_text&quot;:&quot;Voor&quot;,&quot;headline_style&quot;:&quot;highlight&quot;,&quot;marker&quot;:&quot;circle&quot;,&quot;loop&quot;:&quot;yes&quot;,&quot;highlight_animation_duration&quot;:1200,&quot;highlight_iteration_delay&quot;:8000}\" data-widget_type=\"animated-headline.default\">\n\t\t\t\t<div class=\"elementor-widget-container\">\n\t\t\t\t\t\t\t<h3 class=\"elementor-headline\">\n\t\t\t\t<span class=\"elementor-headline-dynamic-wrapper elementor-headline-text-wrapper\">\n\t\t\t\t\t<span class=\"elementor-headline-dynamic-text elementor-headline-text-active\">Voor<\/span>\n\t\t\t\t<\/span>\n\t\t\t\t\t<span class=\"elementor-headline-plain-text elementor-headline-text-wrapper\">het event<\/span>\n\t\t\t\t\t<\/h3>\n\t\t\t\t\t\t<\/div>\n\t\t\t\t<\/div>\n\t\t\t\t<div class=\"elementor-element elementor-element-031d652 elementor-widget elementor-widget-text-editor\" data-id=\"031d652\" data-element_type=\"widget\" data-widget_type=\"text-editor.default\">\n\t\t\t\t<div class=\"elementor-widget-container\">\n\t\t\t\t\t\t\t\t\t<ul>\n<li>\n<p style=\"text-align: left\">Neem uw <strong>exposantenpakket<\/strong> in ontvangst: deel uw <strong>uitnodigingen<\/strong> uit en kleef de <strong>stickers<\/strong> op uw documenten.<\/p>\n<\/li>\n<li style=\"text-align: left\">\n<p>Activeer uw \u2018<strong>My Easyfairs<\/strong>\u2019 account en vervolledig uw <strong>exposantenprofiel<\/strong>.<\/p>\n<\/li>\n<li style=\"text-align: left\">\n<p>Plaats een <strong>banner<\/strong> en\/of <strong>logo<\/strong> op uw website en in uw <strong>e-mailcommunicatie<\/strong>. Download ze via <a href=\"https:\/\/my.easyfairs.com\/#\/login\"><strong>My Easyfairs<\/strong><\/a>.<\/p>\n<\/li>\n<li style=\"text-align: left\">\n<p>Verstuur een <strong>e-mailuitnodiging<\/strong> op basis van onze template naar uw klanten en prospects. Vergeet uw <strong>persoonlijke URL<\/strong> niet!<\/p>\n<\/li>\n<li style=\"text-align: left\">\n<p>Promoot uw deelname via <strong>social media<\/strong> en tag Transport &amp; Logistics Namur &#8211; Best of Wallonia.<\/p>\n<\/li>\n<li>\n<p style=\"text-align: left\">Activeer uw Visit Connect licentie(s).<\/p>\n<\/li>\n<\/ul>\n\t\t\t\t\t\t\t\t<\/div>\n\t\t\t\t<\/div>\n\t\t\t\t\t<\/div>\n\t\t<\/div>\n\t\t\t\t<div class=\"elementor-column elementor-col-50 elementor-top-column elementor-element elementor-element-a2015ee\" data-id=\"a2015ee\" data-element_type=\"column\" data-settings=\"{&quot;background_background&quot;:&quot;classic&quot;}\">\n\t\t\t<div class=\"elementor-widget-wrap elementor-element-populated\">\n\t\t\t\t\t\t<div class=\"elementor-element elementor-element-28a0a93 elementor-headline--style-highlight elementor-widget elementor-widget-animated-headline\" data-id=\"28a0a93\" data-element_type=\"widget\" data-settings=\"{&quot;highlighted_text&quot;:&quot;Tijdens&quot;,&quot;headline_style&quot;:&quot;highlight&quot;,&quot;marker&quot;:&quot;circle&quot;,&quot;loop&quot;:&quot;yes&quot;,&quot;highlight_animation_duration&quot;:1200,&quot;highlight_iteration_delay&quot;:8000}\" data-widget_type=\"animated-headline.default\">\n\t\t\t\t<div class=\"elementor-widget-container\">\n\t\t\t\t\t\t\t<h3 class=\"elementor-headline\">\n\t\t\t\t<span class=\"elementor-headline-dynamic-wrapper elementor-headline-text-wrapper\">\n\t\t\t\t\t<span class=\"elementor-headline-dynamic-text elementor-headline-text-active\">Tijdens<\/span>\n\t\t\t\t<\/span>\n\t\t\t\t\t<span class=\"elementor-headline-plain-text elementor-headline-text-wrapper\">het event<\/span>\n\t\t\t\t\t<\/h3>\n\t\t\t\t\t\t<\/div>\n\t\t\t\t<\/div>\n\t\t\t\t<div class=\"elementor-element elementor-element-ff1a22e elementor-widget elementor-widget-text-editor\" data-id=\"ff1a22e\" data-element_type=\"widget\" data-widget_type=\"text-editor.default\">\n\t\t\t\t<div class=\"elementor-widget-container\">\n\t\t\t\t\t\t\t\t\t<ul>\n<li style=\"text-align: left;\">Plaats uw Touch &amp; Collect reader op een zichtbare plaats om zoveel mogelijk <strong>leads<\/strong> te <strong>verzamelen<\/strong><\/li>\n<li style=\"text-align: left;\">Organiseer <strong>activiteiten<\/strong> op uw <strong>stand<\/strong> want animo werkt: een wedstrijd, een drink, uitdelen goodie bags,\u2026<\/li>\n<li style=\"text-align: left;\">Een <strong>interessant gesprek<\/strong> gehad met een lead? <strong>Scan de badge<\/strong> met de <strong>Visit Connect<\/strong> app en u heeft meteen toegang tot zijn gegevens.<\/li>\n<\/ul>\n\t\t\t\t\t\t\t\t<\/div>\n\t\t\t\t<\/div>\n\t\t\t\t<div class=\"elementor-element elementor-element-d75d61d elementor-widget elementor-widget-image\" data-id=\"d75d61d\" data-element_type=\"widget\" data-widget_type=\"image.default\">\n\t\t\t\t<div class=\"elementor-widget-container\">\n\t\t\t\t\t\t\t\t\t\t\t\t\t\t\t<img fetchpriority=\"high\" decoding=\"async\" width=\"300\" height=\"200\" src=\"https:\/\/easyfairsassets.com\/sites\/19\/2021\/02\/Touch-Collect-300x200.jpg\" class=\"attachment-medium size-medium wp-image-221\" alt=\"Touch &amp; Collect\" srcset=\"https:\/\/easyfairsassets.com\/sites\/19\/2021\/02\/Touch-Collect-300x200.jpg 300w, https:\/\/easyfairsassets.com\/sites\/19\/2021\/02\/Touch-Collect-1024x683.jpg 1024w, https:\/\/easyfairsassets.com\/sites\/19\/2021\/02\/Touch-Collect-768x512.jpg 768w, https:\/\/easyfairsassets.com\/sites\/19\/2021\/02\/Touch-Collect.jpg 1200w\" sizes=\"(max-width: 300px) 100vw, 300px\" \/>\t\t\t\t\t\t\t\t\t\t\t\t\t\t\t<\/div>\n\t\t\t\t<\/div>\n\t\t\t\t\t<\/div>\n\t\t<\/div>\n\t\t\t\t\t<\/div>\n\t\t<\/section>\n\t\t\t\t<section class=\"elementor-section elementor-top-section elementor-element elementor-element-b7c8c95 elementor-hidden-desktop elementor-hidden-tablet elementor-hidden-phone elementor-section-boxed elementor-section-height-default elementor-section-height-default\" data-id=\"b7c8c95\" data-element_type=\"section\">\n\t\t\t\t\t\t<div class=\"elementor-container elementor-column-gap-default\">\n\t\t\t\t\t<div class=\"elementor-column elementor-col-100 elementor-top-column elementor-element elementor-element-ebabaa1\" data-id=\"ebabaa1\" data-element_type=\"column\">\n\t\t\t<div class=\"elementor-widget-wrap elementor-element-populated\">\n\t\t\t\t\t\t<div class=\"elementor-element elementor-element-b68c71e elementor-align-center elementor-widget elementor-widget-button\" data-id=\"b68c71e\" data-element_type=\"widget\" data-widget_type=\"button.default\">\n\t\t\t\t<div class=\"elementor-widget-container\">\n\t\t\t\t\t\t\t\t\t<div class=\"elementor-button-wrapper\">\n\t\t\t\t\t<a class=\"elementor-button elementor-size-md\" role=\"button\">\n\t\t\t\t\t\t<span class=\"elementor-button-content-wrapper\">\n\t\t\t\t\t\t<span class=\"elementor-button-icon\">\n\t\t\t\t<i aria-hidden=\"true\" class=\"fas fa-long-arrow-alt-right\"><\/i>\t\t\t<\/span>\n\t\t\t\t\t\t\t\t\t<span class=\"elementor-button-text\">Ontdek de verschillen tussen Smart Badge &amp; Visit Connect<\/span>\n\t\t\t\t\t<\/span>\n\t\t\t\t\t<\/a>\n\t\t\t\t<\/div>\n\t\t\t\t\t\t\t\t<\/div>\n\t\t\t\t<\/div>\n\t\t\t\t\t<\/div>\n\t\t<\/div>\n\t\t\t\t\t<\/div>\n\t\t<\/section>\n\t\t\t\t<\/div>\n\t\t","protected":false},"excerpt":{"rendered":"<p>Pourquoi participer Rencontrez la communaut\u00e9 logistique en Wallonie Transport &amp; Logistics, Best of Wallonia vous donne la possibilit\u00e9 de d\u00e9couvrir vos relations existantes et de promouvoir votre entreprise aupr\u00e8s des clients potentiels. Le salon sera pr\u00e9c\u00e9d\u00e9e par une campagne de marketing dans un certain nombre de grandes revues et publications (inter)nationales des associations et des [&hellip;]<\/p>\n","protected":false},"author":1,"featured_media":0,"parent":0,"menu_order":0,"comment_status":"closed","ping_status":"closed","template":"","meta":{"_seopress_robots_primary_cat":"","_seopress_titles_title":"Pourquoi participer - Transport & Logistics Namur - Best of Wallonia","_seopress_titles_desc":"Le sommet du monde du transport et de la logistique se r\u00e9unit \u00e0 Namur. Soyez l\u00e0 !","_seopress_robots_index":"","footnotes":""},"class_list":["post-662","page","type-page","status-publish","hentry"],"_links":{"self":[{"href":"https:\/\/www.transport-logistics-namur.be\/fr\/wp-json\/wp\/v2\/pages\/662","targetHints":{"allow":["GET"]}}],"collection":[{"href":"https:\/\/www.transport-logistics-namur.be\/fr\/wp-json\/wp\/v2\/pages"}],"about":[{"href":"https:\/\/www.transport-logistics-namur.be\/fr\/wp-json\/wp\/v2\/types\/page"}],"author":[{"embeddable":true,"href":"https:\/\/www.transport-logistics-namur.be\/fr\/wp-json\/wp\/v2\/users\/1"}],"replies":[{"embeddable":true,"href":"https:\/\/www.transport-logistics-namur.be\/fr\/wp-json\/wp\/v2\/comments?post=662"}],"version-history":[{"count":2,"href":"https:\/\/www.transport-logistics-namur.be\/fr\/wp-json\/wp\/v2\/pages\/662\/revisions"}],"predecessor-version":[{"id":1089,"href":"https:\/\/www.transport-logistics-namur.be\/fr\/wp-json\/wp\/v2\/pages\/662\/revisions\/1089"}],"wp:attachment":[{"href":"https:\/\/www.transport-logistics-namur.be\/fr\/wp-json\/wp\/v2\/media?parent=662"}],"curies":[{"name":"wp","href":"https:\/\/api.w.org\/{rel}","templated":true}]}}